{"id":113,"date":"2020-02-10T12:56:00","date_gmt":"2020-02-10T11:56:00","guid":{"rendered":"https:\/\/wpjelly.com\/shell\/?page_id=113"},"modified":"2020-02-10T12:56:00","modified_gmt":"2020-02-10T11:56:00","slug":"povijest-zupe","status":"publish","type":"page","link":"https:\/\/zupasvnikolakc.hr\/?page_id=113","title":{"rendered":"Povijest \u017eupe"},"content":{"rendered":"\t\t<div data-elementor-type=\"wp-post\" data-elementor-id=\"113\" class=\"elementor elementor-113\" data-elementor-post-type=\"page\">\n\t\t\t\t\t\t<section class=\"elementor-section elementor-top-section elementor-element elementor-element-02fdf57 elementor-section-boxed elementor-section-height-default elementor-section-height-default\" data-id=\"02fdf57\" data-element_type=\"section\" data-e-type=\"section\" data-settings=\"{&quot;background_background&quot;:&quot;gradient&quot;}\">\n\t\t\t\t\t\t<div class=\"elementor-container elementor-column-gap-default\">\n\t\t\t\t\t<div class=\"elementor-column elementor-col-100 elementor-top-column elementor-element elementor-element-8209ad8\" data-id=\"8209ad8\" data-element_type=\"column\" data-e-type=\"column\">\n\t\t\t<div class=\"elementor-widget-wrap elementor-element-populated\">\n\t\t\t\t\t\t<div class=\"elementor-element elementor-element-7f5cf5f elementor-widget elementor-widget-heading\" data-id=\"7f5cf5f\" data-element_type=\"widget\" data-e-type=\"widget\" data-widget_type=\"heading.default\">\n\t\t\t\t<div class=\"elementor-widget-container\">\n\t\t\t\t\t<h1 class=\"elementor-heading-title elementor-size-xl\">Povijest \u017eupe<\/h1>\t\t\t\t<\/div>\n\t\t\t\t<\/div>\n\t\t\t\t\t<\/div>\n\t\t<\/div>\n\t\t\t\t\t<\/div>\n\t\t<\/section>\n\t\t\t\t<section class=\"elementor-section elementor-top-section elementor-element elementor-element-1cd5c02 elementor-section-full_width elementor-section-height-default elementor-section-height-default\" data-id=\"1cd5c02\" data-element_type=\"section\" data-e-type=\"section\">\n\t\t\t\t\t\t<div class=\"elementor-container elementor-column-gap-default\">\n\t\t\t\t\t<div class=\"elementor-column elementor-col-50 elementor-top-column elementor-element elementor-element-589fdc2\" data-id=\"589fdc2\" data-element_type=\"column\" data-e-type=\"column\">\n\t\t\t<div class=\"elementor-widget-wrap elementor-element-populated\">\n\t\t\t\t\t\t<div class=\"elementor-element elementor-element-a769ed3 elementor-widget elementor-widget-text-editor\" data-id=\"a769ed3\" data-element_type=\"widget\" data-e-type=\"widget\" data-widget_type=\"text-editor.default\">\n\t\t\t\t<div class=\"elementor-widget-container\">\n\t\t\t\t\t\t\t\t\t<p>Starodrevna \u017eupa spominje se pri prvoj slu\u017ebenoj vizitaciji Ivana Arhi\u0111akona iz 1334. godine, iako se smatra\u00a0 mnogo starijom. To smo i potvrdili prilikom rekonstrukcije poda crkve 2014. godine. Naime, arheolozi su iskapanjem do\u0161li do otkri\u0107a da sada\u0161nja crkva le\u017ei dijelom na temeljima goti\u010dke crkve iz 15 st., \u0161to dokazuju i prona\u0111eni grobovi i predmeti iz toga razdoblja. Jo\u0161 ve\u0107e otkri\u0107e bilo je kada su se ispod kora otkrili temelji koji su upu\u0107ivali na jo\u0161 stariju crkvu iz romani\u010dkog doba iz 12 st. Razlog ru\u0161enja jednih crkava i izgradnja novih bio je najvjerojatnije \u0161irenje grada i ve\u0107a potreba vjernika. Sada\u0161nja crkva Sv. Nikole izgra\u0111ena je na temeljima goti\u010dke crkve i uve\u0107ana je za dio sveti\u0161ta i sakristije. Zagreba\u010dki biskup Petar Petreti\u0107\u00a0 posvetio ju je 1657. godine. Zalaganjem \u017eupnika Nikole Poderkovi\u0107a pod \u010dijom je brigom izgra\u0111ena velebna crkva, izgra\u0111en je ne\u0161to kasnije i novi \u017eupni stan. U novoizgra\u0111enoj crkvi ima pet zidanih oltara (menza) od kojih su tri posve\u0107ena zajedno s crkvom. Ukrasni drveni oltari su tirolskog stila. \u017dupna crkva je kroz povijest pro\u017eivjela\u00a0 potrese i mnoge neprijateljske navale\u00a0 i ostala do danas duhovni ugaoni kamen grada.\u00a0<\/p>\t\t\t\t\t\t\t\t<\/div>\n\t\t\t\t<\/div>\n\t\t\t\t<div class=\"elementor-element elementor-element-c6d86f8 elementor-widget elementor-widget-text-editor\" data-id=\"c6d86f8\" data-element_type=\"widget\" data-e-type=\"widget\" data-widget_type=\"text-editor.default\">\n\t\t\t\t<div class=\"elementor-widget-container\">\n\t\t\t\t\t\t\t\t\t<p>Do druge polovice pro\u0161log stolje\u0107a bila je jedina \u017eupa u gradu, a tada su njezinom dismembracijom nastale jo\u0161 tri nove \u017eupe.\u00a0 Godine 1978. osniva se \u017eupa Koprivni\u010dka Reka, posve\u0107ena Presvetom Trojstvu. Godine 1983. zavjetna kapela grada, kapela BD Marije u Mo\u010dilama postaje nova \u017eupa. Franjevci, koji su u Koprivnicu do\u0161li oko 1290., postali su tako\u0111er te iste godine \u017eupa. Jubilarne 2000. godine osniva se \u017eupa posve\u0107ena Bla\u017eenom Alojziju Stepincu, a 2003. godine \u017eupa Starigrad, koja je pove\u0107ana Svetoj Majci Tereziji. U jesen 2010. godine osniva se nova \u017eupa u gradu, Sv. Leopolda Bogdana Mandi\u0107a, a kapela u Vinogradskoj postaje \u017eupna crkva. Danas \u017eupa prema statistici iz blagoslova ku\u0107a od pro\u0161le godine broji 1450 obitelji ili oko 6000 vjernika.<\/p>\t\t\t\t\t\t\t\t<\/div>\n\t\t\t\t<\/div>\n\t\t\t\t<div class=\"elementor-element elementor-element-8b726d1 elementor-widget elementor-widget-text-editor\" data-id=\"8b726d1\" data-element_type=\"widget\" data-e-type=\"widget\" data-widget_type=\"text-editor.default\">\n\t\t\t\t<div class=\"elementor-widget-container\">\n\t\t\t\t\t\t\t\t\t<p>Kako je povijest grada Koprivnice bogata, tako i \u017eupa uz grad ve\u017ee svoju bogatu povijest koja je na zavidnoj razini. Zanimljive su orgulje koje su iz 1840. godine, dakle stare su 174\u00a0 godine, a izradio ih je Adam \u017duvi\u0107, tada\u0161nji \u017eupnik ove \u017eupe. Obnovljene su 1994. i 1995. godine od orguljarske radione Braun. Zadnja obnova iznutra bila je 2006. od li\u010dila\u010dkog obrta Genc, a 2009. postavljen je novi razglas, lusteri i novo grijanje. 2011. godine obnovljena je fasada na \u017eupnom dvoru i dijelu crkve. 2014. godine potpuno je izvr\u0161ena rekonstrukcija poda, postavljeno je novo podno grijanje i nova unutarnja vrata, te novi drveni oltar i ambon. 2015. godine postavljeni su novi drveni prozori u koje su umetnuti prija\u0161nji vitraji. 2016. godine napravljene su nove monumentalne ispovjedaonice. 2017. godine ure\u0111eno je \u017eupno dvori\u0161te i parkirna mjesta, te je izgra\u0111ena nova gara\u017ea. 2018. godine zavr\u0161eno je ure\u0111enje dvori\u0161ta i sanirani su vlagom naru\u0161eni zidovi crkve i \u017eupnog dvora. 2019. godine rekonstruirana je kotlovnica \u017eupnog dvora i crkve. Svake godine nastojimo urediti dio crkve ili \u017eupnog dvora kako bismo sa\u010duvali ovaj spomenik kulture za budu\u0107e nara\u0161taje. Ove 2020. godine u planu je rekonstrukcija na\u0161ih velebnih orgulja.<\/p>\t\t\t\t\t\t\t\t<\/div>\n\t\t\t\t<\/div>\n\t\t\t\t\t<\/div>\n\t\t<\/div>\n\t\t\t\t<div class=\"elementor-column elementor-col-50 elementor-top-column elementor-element elementor-element-4cc1881\" data-id=\"4cc1881\" data-element_type=\"column\" data-e-type=\"column\">\n\t\t\t<div class=\"elementor-widget-wrap elementor-element-populated\">\n\t\t\t\t\t\t<div class=\"elementor-element elementor-element-7071a0c elementor-widget elementor-widget-image\" data-id=\"7071a0c\" data-element_type=\"widget\" data-e-type=\"widget\" data-widget_type=\"image.default\">\n\t\t\t\t<div class=\"elementor-widget-container\">\n\t\t\t\t\t\t\t\t\t\t\t\t\t\t\t<img fetchpriority=\"high\" decoding=\"async\" width=\"683\" height=\"1024\" src=\"https:\/\/zupasvnikolakc.hr\/wp-content\/uploads\/2020\/02\/crkva-5-scaled-2-683x1024.jpg\" class=\"attachment-large size-large wp-image-785\" alt=\"\" srcset=\"https:\/\/zupasvnikolakc.hr\/wp-content\/uploads\/2020\/02\/crkva-5-scaled-2-683x1024.jpg 683w, https:\/\/zupasvnikolakc.hr\/wp-content\/uploads\/2020\/02\/crkva-5-scaled-2-600x900.jpg 600w, https:\/\/zupasvnikolakc.hr\/wp-content\/uploads\/2020\/02\/crkva-5-scaled-2-200x300.jpg 200w, https:\/\/zupasvnikolakc.hr\/wp-content\/uploads\/2020\/02\/crkva-5-scaled-2-768x1152.jpg 768w, https:\/\/zupasvnikolakc.hr\/wp-content\/uploads\/2020\/02\/crkva-5-scaled-2-1024x1536.jpg 1024w, https:\/\/zupasvnikolakc.hr\/wp-content\/uploads\/2020\/02\/crkva-5-scaled-2-1366x2048.jpg 1366w, https:\/\/zupasvnikolakc.hr\/wp-content\/uploads\/2020\/02\/crkva-5-scaled-2.jpg 1707w\" sizes=\"(max-width: 683px) 100vw, 683px\" \/>\t\t\t\t\t\t\t\t\t\t\t\t\t\t\t<\/div>\n\t\t\t\t<\/div>\n\t\t\t\t\t<\/div>\n\t\t<\/div>\n\t\t\t\t\t<\/div>\n\t\t<\/section>\n\t\t\t\t<\/div>\n\t\t","protected":false},"excerpt":{"rendered":"<p>Povijest \u017eupe Starodrevna \u017eupa spominje se pri prvoj slu\u017ebenoj vizitaciji Ivana Arhi\u0111akona iz 1334. godine, iako se smatra\u00a0 mnogo starijom. To smo i potvrdili prilikom rekonstrukcije poda crkve 2014. godine. Naime, arheolozi su iskapanjem do\u0161li do otkri\u0107a da sada\u0161nja crkva le\u017ei dijelom na temeljima goti\u010dke crkve iz 15 st., \u0161to dokazuju i prona\u0111eni grobovi i [&hellip;]<\/p>\n","protected":false},"author":1,"featured_media":0,"parent":0,"menu_order":0,"comment_status":"closed","ping_status":"closed","template":"elementor_header_footer","meta":{"ocean_post_layout":"","ocean_both_sidebars_style":"","ocean_both_sidebars_content_width":0,"ocean_both_sidebars_sidebars_width":0,"ocean_sidebar":"0","ocean_second_sidebar":"0","ocean_disable_margins":"enable","ocean_add_body_class":"","ocean_shortcode_before_top_bar":"","ocean_shortcode_after_top_bar":"","ocean_shortcode_before_header":"","ocean_shortcode_after_header":"","ocean_has_shortcode":"","ocean_shortcode_after_title":"","ocean_shortcode_before_footer_widgets":"","ocean_shortcode_after_footer_widgets":"","ocean_shortcode_before_footer_bottom":"","ocean_shortcode_after_footer_bottom":"","ocean_display_top_bar":"default","ocean_display_header":"default","ocean_header_style":"","ocean_center_header_left_menu":"0","ocean_custom_header_template":"0","ocean_custom_logo":0,"ocean_custom_retina_logo":0,"ocean_custom_logo_max_width":0,"ocean_custom_logo_tablet_max_width":0,"ocean_custom_logo_mobile_max_width":0,"ocean_custom_logo_max_height":0,"ocean_custom_logo_tablet_max_height":0,"ocean_custom_logo_mobile_max_height":0,"ocean_header_custom_menu":"0","ocean_menu_typo_font_family":"0","ocean_menu_typo_font_subset":"","ocean_menu_typo_font_size":0,"ocean_menu_typo_font_size_tablet":0,"ocean_menu_typo_font_size_mobile":0,"ocean_menu_typo_font_size_unit":"px","ocean_menu_typo_font_weight":"","ocean_menu_typo_font_weight_tablet":"","ocean_menu_typo_font_weight_mobile":"","ocean_menu_typo_transform":"","ocean_menu_typo_transform_tablet":"","ocean_menu_typo_transform_mobile":"","ocean_menu_typo_line_height":0,"ocean_menu_typo_line_height_tablet":0,"ocean_menu_typo_line_height_mobile":0,"ocean_menu_typo_line_height_unit":"","ocean_menu_typo_spacing":0,"ocean_menu_typo_spacing_tablet":0,"ocean_menu_typo_spacing_mobile":0,"ocean_menu_typo_spacing_unit":"","ocean_menu_link_color":"","ocean_menu_link_color_hover":"","ocean_menu_link_color_active":"","ocean_menu_link_background":"","ocean_menu_link_hover_background":"","ocean_menu_link_active_background":"","ocean_menu_social_links_bg":"","ocean_menu_social_hover_links_bg":"","ocean_menu_social_links_color":"","ocean_menu_social_hover_links_color":"","ocean_disable_title":"default","ocean_disable_heading":"default","ocean_post_title":"","ocean_post_subheading":"","ocean_post_title_style":"","ocean_post_title_background_color":"","ocean_post_title_background":0,"ocean_post_title_bg_image_position":"","ocean_post_title_bg_image_attachment":"","ocean_post_title_bg_image_repeat":"","ocean_post_title_bg_image_size":"","ocean_post_title_height":0,"ocean_post_title_bg_overlay":0.5,"ocean_post_title_bg_overlay_color":"","ocean_disable_breadcrumbs":"default","ocean_breadcrumbs_color":"","ocean_breadcrumbs_separator_color":"","ocean_breadcrumbs_links_color":"","ocean_breadcrumbs_links_hover_color":"","ocean_display_footer_widgets":"default","ocean_display_footer_bottom":"default","ocean_custom_footer_template":"0","footnotes":""},"class_list":["post-113","page","type-page","status-publish","hentry","entry"],"_links":{"self":[{"href":"https:\/\/zupasvnikolakc.hr\/index.php?rest_route=\/wp\/v2\/pages\/113","targetHints":{"allow":["GET"]}}],"collection":[{"href":"https:\/\/zupasvnikolakc.hr\/index.php?rest_route=\/wp\/v2\/pages"}],"about":[{"href":"https:\/\/zupasvnikolakc.hr\/index.php?rest_route=\/wp\/v2\/types\/page"}],"author":[{"embeddable":true,"href":"https:\/\/zupasvnikolakc.hr\/index.php?rest_route=\/wp\/v2\/users\/1"}],"replies":[{"embeddable":true,"href":"https:\/\/zupasvnikolakc.hr\/index.php?rest_route=%2Fwp%2Fv2%2Fcomments&post=113"}],"version-history":[{"count":0,"href":"https:\/\/zupasvnikolakc.hr\/index.php?rest_route=\/wp\/v2\/pages\/113\/revisions"}],"wp:attachment":[{"href":"https:\/\/zupasvnikolakc.hr\/index.php?rest_route=%2Fwp%2Fv2%2Fmedia&parent=113"}],"curies":[{"name":"wp","href":"https:\/\/api.w.org\/{rel}","templated":true}]}}